{"id":2732,"date":"2018-05-22T07:04:12","date_gmt":"2018-05-22T07:04:12","guid":{"rendered":"https:\/\/vocesporlavida.org\/?page_id=2732"},"modified":"2025-10-21T20:03:11","modified_gmt":"2025-10-22T02:03:11","slug":"consultant","status":"publish","type":"page","link":"https:\/\/vocesporlavida.org\/","title":{"rendered":"Home Voces"},"content":{"rendered":"<section class=\"wpb-content-wrapper\"><p>[vc_row full_width=&#8221;stretch_row&#8221; background_color=&#8221;primary&#8221; lg_spacing=&#8221;padding_top:0;padding_bottom:95&#8243; el_id=&#8221;section-our-services&#8221;][vc_column][tm_spacer size=&#8221;lg:26&#8243;][tm_heading tag=&#8221;h1&#8243; custom_google_font=&#8221;&#8221; align=&#8221;center&#8221; text_color=&#8221;custom&#8221; custom_text_color=&#8221;#ffcc00&#8243; text=&#8221;Voces Unidas por la Vida&#8221; font_size=&#8221;sm:24;md:30;lg:36&#8243; line_height=&#8221;1.33&#8243;][tm_heading tag=&#8221;h5&#8243; custom_google_font=&#8221;&#8221; align=&#8221;center&#8221; text_color=&#8221;custom&#8221; custom_text_color=&#8221;#ffffff&#8221; text=&#8221;Instituto de Desarrollo de Liderazgo, Educaci\u00f3n y Apoyo ProVida&#8221;][tm_spacer size=&#8221;lg:64&#8243;][vc_row_inner][vc_column_inner width=&#8221;1\/3&#8243;][vc_column_text]<\/p>\n<h2 class=\"p1\"><span style=\"color: #ffcc00;\"><b>MISI\u00d3N<\/b><\/span><\/h2>\n<p class=\"p1\"><span style=\"color: #ffffff;\">Voces Unidas por la Vida trabaja para crear una cultura de vida educando, promoviendo y Formando lideres en la comunidad en centros educativos, religiosos y seculares en los Estados Unidos y M\u00e9xico.<\/span><\/p>\n<p>[\/vc_column_text][\/vc_column_inner][vc_column_inner width=&#8221;1\/3&#8243;][vc_column_text]<\/p>\n<h2 class=\"p1\"><span style=\"color: #ffcc00;\"><b>VISI\u00d3N<\/b><\/span><\/h2>\n<p class=\"p1\"><span style=\"color: #ffffff;\">Oraci\u00f3n. Formaci\u00f3n y Acci\u00f3n para crear una cultura de vida: Una sociedad donde se proteja el derecho a la vida humana desde la concepci\u00f3n hasta la muerte natural.<\/span><\/p>\n<p>[\/vc_column_text][\/vc_column_inner][vc_column_inner width=&#8221;1\/3&#8243;][vc_column_text]<\/p>\n<h2 class=\"p1\"><span style=\"color: #ffcc00;\"><b>OBJETIVO<\/b><\/span><\/h2>\n<p class=\"p1\"><span style=\"color: #ffffff;\">Preparar y animar a las comunidades a trabajar proactivamente a favor de los beb\u00e9s en el vientre materno, las mujeres embarazadas en crisis, aquellas que necesitan ayuda despu\u00e9s de un aborto y apoyar a las familias en una formaci\u00f3n de respeto a la vida en todas sus etapas.<\/span><\/p>\n<p>[\/vc_column_text][\/vc_column_inner][\/vc_row_inner][vc_wp_text][\/vc_wp_text][\/vc_column][\/vc_row][vc_row full_width=&#8221;stretch_row&#8221; background_color=&#8221;custom&#8221; overlay_background=&#8221;custom&#8221; overlay_custom_background=&#8221;#ffffff&#8221; overlay_opacity=&#8221;81&#8243; el_id=&#8221;features-section&#8221; custom_background_color=&#8221;#ddd6be&#8221; background_image=&#8221;4623&#8243;][vc_column][tm_spacer size=&#8221;sm:90;lg:120&#8243;][tm_heading style=&#8221;modern-02&#8243; custom_google_font=&#8221;&#8221; font_weight=&#8221;700&#8243; text=&#8221;NO ESTAS SOLA&#8221;][tm_spacer size=&#8221;lg:26&#8243;][vc_row_inner][vc_column_inner width=&#8221;1\/2&#8243; lg_spacing=&#8221;padding_right:85&#8243; md_spacing=&#8221;padding_right:45&#8243; sm_spacing=&#8221;padding_right:15&#8243;][tm_heading custom_google_font=&#8221;&#8221; text=&#8221;NO ESPERES CONTACTA A LOS <mark>CENTROS DE AYUDA<\/mark> EN PHOENIX ARIZONA&#8221; font_size=&#8221;sm:24;md:30;lg:36&#8243; line_height=&#8221;1.33&#8243;][tm_spacer size=&#8221;xs:25&#8243;][\/vc_column_inner][vc_column_inner width=&#8221;1\/2&#8243; lg_spacing=&#8221;padding_left:85&#8243; md_spacing=&#8221;padding_left:45&#8243; sm_spacing=&#8221;padding_left:15&#8243;][tm_heading tag=&#8221;div&#8221; custom_google_font=&#8221;&#8221; text=&#8221;En esta secci\u00f3n encontrar\u00e1s enlaces de instituciones, asociaciones y movimientos que luchan por proteger y ayudar a que m\u00e1s personas defendamos la vida como lo m\u00e1s importante y lo m\u00e1s hermoso que existe.&#8221;][tm_spacer size=&#8221;lg:33&#8243;][tm_button style=&#8221;border-text&#8221; button=&#8221;url:https%3A%2F%2Fvocesporlavida.org%2F%3Fp%3D51|title:EXISTEN%20ORGANIZACIONES%20CERCA%20DE%20TI&#8221; icon_type=&#8221;ion&#8221; icon_ion=&#8221;ion-arrow-right-c&#8221; color=&#8221;custom&#8221; button_bg_color=&#8221;&#8221; font_color=&#8221;secondary&#8221; button_border_color=&#8221;&#8221; button_icon_color=&#8221;primary&#8221; button_bg_color_hover=&#8221;&#8221; font_color_hover=&#8221;primary&#8221; button_border_color_hover=&#8221;primary&#8221; button_icon_color_hover=&#8221;&#8221;][\/vc_column_inner][\/vc_row_inner][tm_spacer size=&#8221;sm:50;lg:97&#8243;][tm_grid gutter=&#8221;30&#8243; row_gutter=&#8221;30&#8243; margin_bottom=&#8221;0&#8243; columns=&#8221;xs:1;sm:1;lg:3&#8243; item_max_width=&#8221;sm:370&#8243;][tm_box_icon style=&#8221;13&#8243; align=&#8221;center&#8221; heading=&#8221;Aid to Women Center&#8221; link=&#8221;url:http%3A%2F%2Faidtowomencenter.org%2F|title:Aid%20to%20Women%20Center%20%C2%A0&#8243; text=&#8221;Llama al: 480.966.1902&#8243; button=&#8221;url:http%3A%2F%2Faidtowomencenter.org%2F|title:Read%20More&#8221; image=&#8221;4663&#8243;][tm_box_icon style=&#8221;13&#8243; align=&#8221;center&#8221; heading=&#8221;Life Choices&#8221; link=&#8221;url:https%3A%2F%2Flcwcaz.org%2F|title:Life%20Choices&#8221; text=&#8221;Llama al: 602.305.5100&#8243; button=&#8221;url:http%3A%2F%2Fwww.lcwcaz.org%2F|title:Life%20Choices&#8221; image=&#8221;4689&#8243;][tm_box_icon style=&#8221;13&#8243; align=&#8221;center&#8221; heading=&#8221;First Way&#8221; link=&#8221;url:http%3A%2F%2Fwww.1stway.net%2F|title:First%20Way&#8221; text=&#8221;Llama al: 602.261.7522&#8243; button=&#8221;url:http%3A%2F%2Fwww.1stway.net%2F|title:First%20Way&#8221; image=&#8221;4692&#8243;][\/tm_grid][tm_spacer size=&#8221;sm:100;lg:120&#8243;][\/vc_column][\/vc_row][vc_row full_width=&#8221;stretch_row&#8221; background_color=&#8221;custom&#8221; overlay_background=&#8221;custom&#8221; overlay_custom_background=&#8221;#ffffff&#8221; overlay_opacity=&#8221;81&#8243; custom_background_color=&#8221;#ddd6be&#8221;][vc_column][tm_spacer size=&#8221;sm:90;lg:120&#8243;][tm_heading style=&#8221;modern-02&#8243; custom_google_font=&#8221;&#8221; font_weight=&#8221;700&#8243; text=&#8221;NO ESTAS SOLA&#8221;][tm_spacer size=&#8221;lg:26&#8243;][vc_row_inner][vc_column_inner lg_spacing=&#8221;padding_right:85&#8243; md_spacing=&#8221;padding_right:45&#8243; sm_spacing=&#8221;padding_right:15&#8243;][tm_heading custom_google_font=&#8221;&#8221; text=&#8221;\u00bfEMBARAZADA Y NECESITA AYUDA? <mark>CENTROS DE AYUDA<\/mark>&#8221; font_size=&#8221;sm:24;md:30;lg:36&#8243; line_height=&#8221;1.33&#8243;][tm_spacer size=&#8221;xs:25&#8243;][\/vc_column_inner][\/vc_row_inner][tm_spacer size=&#8221;sm:50;lg:97&#8243;][tm_grid gutter=&#8221;30&#8243; row_gutter=&#8221;30&#8243; margin_bottom=&#8221;0&#8243; columns=&#8221;xs:1;sm:1;lg:3&#8243; item_max_width=&#8221;sm:370&#8243;][tm_box_icon style=&#8221;13&#8243; align=&#8221;center&#8221; link=&#8221;url:http%3A%2F%2Fwww.embarazoinesperado.com%2F|title:Aid%20to%20Women%20Center%20%C2%A0&#8243; button=&#8221;url:http%3A%2F%2Fwww.embarazoinesperado.com%2F|title:Read%20More&#8221; image=&#8221;4975&#8243; heading=&#8221;Embarazo Inesperado.com&#8221;][tm_box_icon style=&#8221;13&#8243; align=&#8221;center&#8221; heading=&#8221;Get Help Now:&#8221; link=&#8221;url:https%3A%2F%2Foptionline.org%2F|title:Life%20Choices&#8221; text=&#8221;1-800-712-4357&#8243; button=&#8221;url:https%3A%2F%2Foptionline.org%2F|title:Life%20Choices&#8221; image=&#8221;4979&#8243;][tm_box_icon style=&#8221;13&#8243; align=&#8221;center&#8221; heading=&#8221;Get Help Now:&#8221; link=&#8221;url:https%3A%2F%2Frevertirmisoprostol.com%2F|title:Life%20Choices&#8221; text=&#8221;https:\/\/wa.me\/525574997018&#8243; button=&#8221;url:https%3A%2F%2Frevertirmisoprostol.com%2F|title:Life%20Choices&#8221; image=&#8221;5112&#8243;][\/tm_grid][tm_spacer size=&#8221;sm:100;lg:120&#8243;][\/vc_column][\/vc_row][vc_row full_width=&#8221;stretch_row&#8221; background_color=&#8221;custom&#8221; lg_spacing=&#8221;padding_top:0;padding_bottom:95&#8243; custom_background_color=&#8221;#f7f7f7&#8243;][vc_column][tm_heading style=&#8221;modern-02&#8243; custom_google_font=&#8221;&#8221; font_weight=&#8221;700&#8243; align=&#8221;center&#8221; text=&#8221;VIDEOS&#8221;][tm_spacer size=&#8221;lg:26&#8243;][tm_heading custom_google_font=&#8221;&#8221; align=&#8221;center&#8221; text=&#8221;VIDEOS INFORMATIVOS QUE TE PUEDEN AYUDAR&#8221; font_size=&#8221;sm:24;md:30;lg:36&#8243; line_height=&#8221;1.33&#8243;][tm_spacer size=&#8221;lg:64&#8243;][vc_masonry_grid post_type=&#8221;post&#8221; max_items=&#8221;10&#8243; grid_id=&#8221;vc_gid:1761098539889-a58ba8f7-198a-2&#8243; taxonomies=&#8221;6&#8243;][\/vc_column][\/vc_row][vc_row][vc_column][tm_spacer size=&#8221;sm:90;lg:120&#8243;][tm_heading style=&#8221;modern-02&#8243; custom_google_font=&#8221;&#8221; font_weight=&#8221;700&#8243; align=&#8221;center&#8221; text=&#8221;DEFIENDE LA VIDA&#8221;][tm_spacer size=&#8221;lg:26&#8243;][tm_heading custom_google_font=&#8221;&#8221; align=&#8221;center&#8221; text=&#8221;\u00bfNECESITAS AYUDA? CONTACTANOS DE INMEDIATO ESTAMOS CONTIGO&#8221; font_size=&#8221;sm:24;md:30;lg:36&#8243; line_height=&#8221;1.33&#8243;][tm_spacer size=&#8221;lg:68&#8243;][tm_spacer size=&#8221;lg:116&#8243;][vc_column_text]<\/p>\n\n<div class=\"wpcf7 no-js\" id=\"wpcf7-f137-o1\" lang=\"en-US\" dir=\"ltr\" data-wpcf7-id=\"137\">\n<div class=\"screen-reader-response\"><p role=\"status\" aria-live=\"polite\" aria-atomic=\"true\"><\/p> <ul><\/ul><\/div>\n<form action=\"\/index.php?rest_route=%2Fwp%2Fv2%2Fpages%2F2732#wpcf7-f137-o1\" method=\"post\" class=\"wpcf7-form init\" aria-label=\"Contact form\" novalidate=\"novalidate\" data-status=\"init\">\n<fieldset class=\"hidden-fields-container\"><input type=\"hidden\" name=\"_wpcf7\" value=\"137\" \/><input type=\"hidden\" name=\"_wpcf7_version\" value=\"6.1.5\" \/><input type=\"hidden\" name=\"_wpcf7_locale\" value=\"en_US\" \/><input type=\"hidden\" name=\"_wpcf7_unit_tag\" value=\"wpcf7-f137-o1\" \/><input type=\"hidden\" name=\"_wpcf7_container_post\" value=\"0\" \/><input type=\"hidden\" name=\"_wpcf7_posted_data_hash\" value=\"\" \/>\n<\/fieldset>\n<p>Nombre\n<\/p>\n<p><span class=\"wpcf7-form-control-wrap\" data-name=\"your-name\"><input size=\"40\" maxlength=\"400\" class=\"wpcf7-form-control wpcf7-text wpcf7-validates-as-required\" aria-required=\"true\" aria-invalid=\"false\" value=\"\" type=\"text\" name=\"your-name\" \/><\/span>\n<\/p>\n<p>Correo\n<\/p>\n<p><span class=\"wpcf7-form-control-wrap\" data-name=\"your-email\"><input size=\"40\" maxlength=\"400\" class=\"wpcf7-form-control wpcf7-email wpcf7-validates-as-required wpcf7-text wpcf7-validates-as-email\" aria-required=\"true\" aria-invalid=\"false\" value=\"\" type=\"email\" name=\"your-email\" \/><\/span>\n<\/p>\n<p>Asunto\n<\/p>\n<p><span class=\"wpcf7-form-control-wrap\" data-name=\"your-subject\"><input size=\"40\" maxlength=\"400\" class=\"wpcf7-form-control wpcf7-text\" aria-invalid=\"false\" value=\"\" type=\"text\" name=\"your-subject\" \/><\/span>\n<\/p>\n<p>Mensaje\n<\/p>\n<p><span class=\"wpcf7-form-control-wrap\" data-name=\"your-message\"><textarea cols=\"40\" rows=\"10\" maxlength=\"2000\" class=\"wpcf7-form-control wpcf7-textarea\" aria-invalid=\"false\" name=\"your-message\"><\/textarea><\/span>\n<\/p>\n<p><input class=\"wpcf7-form-control wpcf7-submit has-spinner\" type=\"submit\" value=\"Enviar\" \/>\n<\/p><p style=\"display: none !important;\" class=\"akismet-fields-container\" data-prefix=\"_wpcf7_ak_\"><label>&#916;<textarea name=\"_wpcf7_ak_hp_textarea\" cols=\"45\" rows=\"8\" maxlength=\"100\"><\/textarea><\/label><input type=\"hidden\" id=\"ak_js_1\" name=\"_wpcf7_ak_js\" value=\"153\"\/><script>document.getElementById( \"ak_js_1\" ).setAttribute( \"value\", ( new Date() ).getTime() );<\/script><\/p><div class=\"wpcf7-response-output\" aria-hidden=\"true\"><\/div>\n<\/form>\n<\/div>\n\n<p>[\/vc_column_text][\/vc_column][\/vc_row][vc_row][vc_column][vc_wp_text][\/vc_wp_text][\/vc_column][\/vc_row]<\/p>\n<\/section>","protected":false},"excerpt":{"rendered":"<p>[vc_row full_width=&#8221;stretch_row&#8221; background_color=&#8221;primary&#8221; lg_spacing=&#8221;padding_top:0;padding_bottom:95&#8243; el_id=&#8221;section-our-services&#8221;][vc_column][tm_spacer size=&#8221;lg:26&#8243;][tm_heading tag=&#8221;h1&#8243; custom_google_font=&#8221;&#8221; align=&#8221;center&#8221; text_color=&#8221;custom&#8221; custom_text_color=&#8221;#ffcc00&#8243; text=&#8221;Voces Unidas por la Vida&#8221; font_size=&#8221;sm:24;md:30;lg:36&#8243; line_height=&#8221;1.33&#8243;][tm_heading tag=&#8221;h5&#8243; custom_google_font=&#8221;&#8221; align=&#8221;center&#8221; text_color=&#8221;custom&#8221; custom_text_color=&#8221;#ffffff&#8221; text=&#8221;Instituto de Desarrollo de Liderazgo, Educaci\u00f3n y Apoyo ProVida&#8221;][tm_spacer size=&#8221;lg:64&#8243;][vc_row_inner][vc_column_inner width=&#8221;1\/3&#8243;][vc_column_text] MISI\u00d3N Voces Unidas por la Vida trabaja para crear una cultura de vida educando, promoviendo y Formando lideres en la comunidad en centros educativos, religiosos y seculares en los Estados Unidos y M\u00e9xico. [\/vc_column_text][\/vc_column_inner][vc_column_inner width=&#8221;1\/3&#8243;][vc_column_text] VISI\u00d3N Oraci\u00f3n. Formaci\u00f3n y Acci\u00f3n para crear una cultura de vida: Una sociedad donde se proteja el derecho a la vida humana desde la concepci\u00f3n hasta la muerte natural. [\/vc_column_text][\/vc_column_inner][vc_column_inner width=&#8221;1\/3&#8243;][vc_column_text] OBJETIVO Preparar y animar a las comunidades a trabajar proactivamente a favor de los beb\u00e9s en el vientre materno, las mujeres embarazadas en crisis, aquellas que necesitan ayuda despu\u00e9s de un aborto y apoyar a las familias en una formaci\u00f3n de respeto a la vida en todas sus etapas. [\/vc_column_text][\/vc_column_inner][\/vc_row_inner][vc_wp_text][\/vc_wp_text][\/vc_column][\/vc_row][vc_row full_width=&#8221;stretch_row&#8221; background_color=&#8221;custom&#8221; overlay_background=&#8221;custom&#8221; overlay_custom_background=&#8221;#ffffff&#8221; overlay_opacity=&#8221;81&#8243; el_id=&#8221;features-section&#8221; custom_background_color=&#8221;#ddd6be&#8221; background_image=&#8221;4623&#8243;][vc_column][tm_spacer size=&#8221;sm:90;lg:120&#8243;][tm_heading style=&#8221;modern-02&#8243; custom_google_font=&#8221;&#8221; font_weight=&#8221;700&#8243; text=&#8221;NO ESTAS SOLA&#8221;][tm_spacer size=&#8221;lg:26&#8243;][vc_row_inner][vc_column_inner width=&#8221;1\/2&#8243; lg_spacing=&#8221;padding_right:85&#8243; md_spacing=&#8221;padding_right:45&#8243; sm_spacing=&#8221;padding_right:15&#8243;][tm_heading custom_google_font=&#8221;&#8221; text=&#8221;NO ESPERES CONTACTA A LOS CENTROS DE AYUDA EN PHOENIX ARIZONA&#8221; font_size=&#8221;sm:24;md:30;lg:36&#8243; line_height=&#8221;1.33&#8243;][tm_spacer size=&#8221;xs:25&#8243;][\/vc_column_inner][vc_column_inner width=&#8221;1\/2&#8243; lg_spacing=&#8221;padding_left:85&#8243; md_spacing=&#8221;padding_left:45&#8243; sm_spacing=&#8221;padding_left:15&#8243;][tm_heading tag=&#8221;div&#8221; custom_google_font=&#8221;&#8221; text=&#8221;En esta secci\u00f3n encontrar\u00e1s enlaces de instituciones, asociaciones y movimientos que luchan por proteger y ayudar a que m\u00e1s personas defendamos la vida como lo m\u00e1s importante y lo m\u00e1s hermoso que existe.&#8221;][tm_spacer size=&#8221;lg:33&#8243;][tm_button style=&#8221;border-text&#8221; button=&#8221;url:https%3A%2F%2Fvocesporlavida.org%2F%3Fp%3D51|title:EXISTEN%20ORGANIZACIONES%20CERCA%20DE%20TI&#8221; icon_type=&#8221;ion&#8221; icon_ion=&#8221;ion-arrow-right-c&#8221; color=&#8221;custom&#8221; button_bg_color=&#8221;&#8221; font_color=&#8221;secondary&#8221; button_border_color=&#8221;&#8221; button_icon_color=&#8221;primary&#8221; button_bg_color_hover=&#8221;&#8221; font_color_hover=&#8221;primary&#8221; button_border_color_hover=&#8221;primary&#8221; button_icon_color_hover=&#8221;&#8221;][\/vc_column_inner][\/vc_row_inner][tm_spacer size=&#8221;sm:50;lg:97&#8243;][tm_grid gutter=&#8221;30&#8243; row_gutter=&#8221;30&#8243; margin_bottom=&#8221;0&#8243; columns=&#8221;xs:1;sm:1;lg:3&#8243; item_max_width=&#8221;sm:370&#8243;][tm_box_icon style=&#8221;13&#8243; align=&#8221;center&#8221; heading=&#8221;Aid to Women Center&#8221; link=&#8221;url:http%3A%2F%2Faidtowomencenter.org%2F|title:Aid%20to%20Women%20Center%20%C2%A0&#8243; text=&#8221;Llama al: 480.966.1902&#8243; button=&#8221;url:http%3A%2F%2Faidtowomencenter.org%2F|title:Read%20More&#8221; image=&#8221;4663&#8243;][tm_box_icon style=&#8221;13&#8243; align=&#8221;center&#8221; heading=&#8221;Life Choices&#8221; link=&#8221;url:https%3A%2F%2Flcwcaz.org%2F|title:Life%20Choices&#8221; text=&#8221;Llama al: 602.305.5100&#8243; button=&#8221;url:http%3A%2F%2Fwww.lcwcaz.org%2F|title:Life%20Choices&#8221; image=&#8221;4689&#8243;][tm_box_icon style=&#8221;13&#8243; align=&#8221;center&#8221; heading=&#8221;First Way&#8221; link=&#8221;url:http%3A%2F%2Fwww.1stway.net%2F|title:First%20Way&#8221; text=&#8221;Llama al: 602.261.7522&#8243; button=&#8221;url:http%3A%2F%2Fwww.1stway.net%2F|title:First%20Way&#8221; image=&#8221;4692&#8243;][\/tm_grid][tm_spacer size=&#8221;sm:100;lg:120&#8243;][\/vc_column][\/vc_row][vc_row full_width=&#8221;stretch_row&#8221; background_color=&#8221;custom&#8221; overlay_background=&#8221;custom&#8221; overlay_custom_background=&#8221;#ffffff&#8221; overlay_opacity=&#8221;81&#8243; custom_background_color=&#8221;#ddd6be&#8221;][vc_column][tm_spacer size=&#8221;sm:90;lg:120&#8243;][tm_heading style=&#8221;modern-02&#8243; custom_google_font=&#8221;&#8221; font_weight=&#8221;700&#8243; text=&#8221;NO ESTAS SOLA&#8221;][tm_spacer size=&#8221;lg:26&#8243;][vc_row_inner][vc_column_inner lg_spacing=&#8221;padding_right:85&#8243; md_spacing=&#8221;padding_right:45&#8243; sm_spacing=&#8221;padding_right:15&#8243;][tm_heading custom_google_font=&#8221;&#8221; text=&#8221;\u00bfEMBARAZADA Y NECESITA AYUDA? CENTROS DE AYUDA&#8221; font_size=&#8221;sm:24;md:30;lg:36&#8243; line_height=&#8221;1.33&#8243;][tm_spacer size=&#8221;xs:25&#8243;][\/vc_column_inner][\/vc_row_inner][tm_spacer size=&#8221;sm:50;lg:97&#8243;][tm_grid gutter=&#8221;30&#8243; row_gutter=&#8221;30&#8243; margin_bottom=&#8221;0&#8243; columns=&#8221;xs:1;sm:1;lg:3&#8243; item_max_width=&#8221;sm:370&#8243;][tm_box_icon style=&#8221;13&#8243; align=&#8221;center&#8221; link=&#8221;url:http%3A%2F%2Fwww.embarazoinesperado.com%2F|title:Aid%20to%20Women%20Center%20%C2%A0&#8243; button=&#8221;url:http%3A%2F%2Fwww.embarazoinesperado.com%2F|title:Read%20More&#8221; image=&#8221;4975&#8243; heading=&#8221;Embarazo Inesperado.com&#8221;][tm_box_icon style=&#8221;13&#8243; align=&#8221;center&#8221; heading=&#8221;Get Help Now:&#8221; link=&#8221;url:https%3A%2F%2Foptionline.org%2F|title:Life%20Choices&#8221; text=&#8221;1-800-712-4357&#8243; button=&#8221;url:https%3A%2F%2Foptionline.org%2F|title:Life%20Choices&#8221; image=&#8221;4979&#8243;][tm_box_icon style=&#8221;13&#8243; align=&#8221;center&#8221; heading=&#8221;Get Help Now:&#8221; link=&#8221;url:https%3A%2F%2Frevertirmisoprostol.com%2F|title:Life%20Choices&#8221; text=&#8221;https:\/\/wa.me\/525574997018&#8243; button=&#8221;url:https%3A%2F%2Frevertirmisoprostol.com%2F|title:Life%20Choices&#8221; image=&#8221;5112&#8243;][\/tm_grid][tm_spacer size=&#8221;sm:100;lg:120&#8243;][\/vc_column][\/vc_row][vc_row full_width=&#8221;stretch_row&#8221; background_color=&#8221;custom&#8221; lg_spacing=&#8221;padding_top:0;padding_bottom:95&#8243; custom_background_color=&#8221;#f7f7f7&#8243;][vc_column][tm_heading style=&#8221;modern-02&#8243; custom_google_font=&#8221;&#8221; font_weight=&#8221;700&#8243; align=&#8221;center&#8221; text=&#8221;VIDEOS&#8221;][tm_spacer size=&#8221;lg:26&#8243;][tm_heading custom_google_font=&#8221;&#8221; align=&#8221;center&#8221; text=&#8221;VIDEOS INFORMATIVOS QUE TE PUEDEN AYUDAR&#8221; font_size=&#8221;sm:24;md:30;lg:36&#8243; line_height=&#8221;1.33&#8243;][tm_spacer size=&#8221;lg:64&#8243;][vc_masonry_grid post_type=&#8221;post&#8221; max_items=&#8221;10&#8243; grid_id=&#8221;vc_gid:1761098539889-a58ba8f7-198a-2&#8243; taxonomies=&#8221;6&#8243;][\/vc_column][\/vc_row][vc_row][vc_column][tm_spacer size=&#8221;sm:90;lg:120&#8243;][tm_heading style=&#8221;modern-02&#8243; custom_google_font=&#8221;&#8221; font_weight=&#8221;700&#8243; align=&#8221;center&#8221; text=&#8221;DEFIENDE LA VIDA&#8221;][tm_spacer size=&#8221;lg:26&#8243;][tm_heading custom_google_font=&#8221;&#8221; align=&#8221;center&#8221; text=&#8221;\u00bfNECESITAS AYUDA? CONTACTANOS DE INMEDIATO ESTAMOS CONTIGO&#8221; font_size=&#8221;sm:24;md:30;lg:36&#8243; line_height=&#8221;1.33&#8243;][tm_spacer size=&#8221;lg:68&#8243;][tm_spacer size=&#8221;lg:116&#8243;][vc_column_text] [\/vc_column_text][\/vc_column][\/vc_row][vc_row][vc_column][vc_wp_text][\/vc_wp_text][\/vc_column][\/vc_row]<\/p>\n","protected":false},"author":1,"featured_media":3274,"parent":4577,"menu_order":14,"comment_status":"closed","ping_status":"closed","template":"","meta":{"_coblocks_attr":"","_coblocks_dimensions":"","_coblocks_responsive_height":"","_coblocks_accordion_ie_support":"","footnotes":""},"class_list":["post-2732","page","type-page","status-publish","has-post-thumbnail","hentry"],"_links":{"self":[{"href":"https:\/\/vocesporlavida.org\/index.php?rest_route=\/wp\/v2\/pages\/2732","targetHints":{"allow":["GET"]}}],"collection":[{"href":"https:\/\/vocesporlavida.org\/index.php?rest_route=\/wp\/v2\/pages"}],"about":[{"href":"https:\/\/vocesporlavida.org\/index.php?rest_route=\/wp\/v2\/types\/page"}],"author":[{"embeddable":true,"href":"https:\/\/vocesporlavida.org\/index.php?rest_route=\/wp\/v2\/users\/1"}],"replies":[{"embeddable":true,"href":"https:\/\/vocesporlavida.org\/index.php?rest_route=%2Fwp%2Fv2%2Fcomments&post=2732"}],"version-history":[{"count":77,"href":"https:\/\/vocesporlavida.org\/index.php?rest_route=\/wp\/v2\/pages\/2732\/revisions"}],"predecessor-version":[{"id":5114,"href":"https:\/\/vocesporlavida.org\/index.php?rest_route=\/wp\/v2\/pages\/2732\/revisions\/5114"}],"up":[{"embeddable":true,"href":"https:\/\/vocesporlavida.org\/index.php?rest_route=\/wp\/v2\/pages\/4577"}],"wp:featuredmedia":[{"embeddable":true,"href":"https:\/\/vocesporlavida.org\/index.php?rest_route=\/wp\/v2\/media\/3274"}],"wp:attachment":[{"href":"https:\/\/vocesporlavida.org\/index.php?rest_route=%2Fwp%2Fv2%2Fmedia&parent=2732"}],"curies":[{"name":"wp","href":"https:\/\/api.w.org\/{rel}","templated":true}]}}